{"id":1318,"date":"2023-04-05T14:57:54","date_gmt":"2023-04-05T14:57:54","guid":{"rendered":"http:\/\/greeners.solutions\/privacy-policy\/"},"modified":"2023-04-25T12:10:29","modified_gmt":"2023-04-25T12:10:29","slug":"privacy-policy","status":"publish","type":"page","link":"https:\/\/greeners.solutions\/en\/privacy-policy\/","title":{"rendered":"Privacy Policy"},"content":{"rendered":"\n<section class=\"fullwidth page-header  \">\n    <div class=\"boxwidth page-header__container\">\n        <p class=\"breadcrumbs\"><span><span><a href=\"https:\/\/greeners.solutions\/en\/\">Strona g\u0142\u00f3wna<\/a><\/span><\/span><\/p>        <h1 class=\"page-header__title\">Privacy Policy <\/h1>\n    <\/div>\n<\/section>\n<section class=\"fullwidth flex vertical vertical__center none       decorative-watermark\">\n    \n\n\n<div class=\"widewidth row     default-padding__big--top default-padding__big--bottom horizontal__center  decorative-rectangle decorative-rectangle--black decorative-rectangle--left-upper\">\n    \n\n\n<div class=\"boxwidth row           \">\n    \n\n<div class=\" col-xxs-12                    padding-side-mobile \">\n    \n\n<div class=\"bn-wysiwyg  default-margin__medium--bottom          text-color--black  \">\n    <p><strong>Niniejsza \u201ePolityka prywatno\u015bci serwisu www.greeners.pl\u201d (dalej: \u201ePolityka\u201d) okre\u015bla cele i zasady pobierania danych poprzez formularze kontaktowe dost\u0119pne na stronie internetowej www.greeners.pl (dalej: \u201eSerwis\u201d) niezb\u0119dne do obs\u0142ugi zg\u0142osze\u0144 Us\u0142ugobiorc\u00f3w celem \u015bwiadczenia \u017c\u0105danej przez Us\u0142ugobiorc\u0119 us\u0142ugi, a tak\u017ce przechowywania i dost\u0119pu do informacji na urz\u0105dzeniach Us\u0142ugobiorcy za pomoc\u0105 plik\u00f3w cookies, s\u0142u\u017c\u0105cych realizacji us\u0142ug \u015bwiadczonych drog\u0105 elektroniczn\u0105 przez Greeners (dalej: \u201eUs\u0142ugodawca\u201d).<\/strong><\/p>\n<\/div>\n\n\n<h4 class=\"title   default-margin__small--bottom          text-color--black\">\n    I. Postanowienia og\u00f3lne<\/h4>\n\n\n<div class=\"bn-wysiwyg            text-color--black  \">\n    <ol>\n<li>Na potrzeby niniejszej Polityki, zawarte w niniejszym ppkt. 1 terminy b\u0119d\u0105 mia\u0142y nast\u0119puj\u0105ce znaczenie:<\/li>\n<\/ol>\n<\/div>\n\n\n<div class=\"bn-wysiwyg            text-color--black letters ol--indentation\">\n    <ol>\n<li><strong>Us\u0142ugodawca<\/strong> \u2013 Greeners<\/li>\n<li><strong>Newsletter<\/strong> \u2013 informacje handlowe zwi\u0105zane z prowadzon\u0105 przez Us\u0142ugodawc\u0119 lub podmioty, kt\u00f3re z nim wsp\u00f3\u0142pracuj\u0105 dzia\u0142alno\u015bci\u0105 komercyjn\u0105,<\/li>\n<li><strong>Pliki cookies<\/strong> \u2013 czyli dane informatyczne, w szczeg\u00f3lno\u015bci pliki tekstowe, przechowywane na Urz\u0105dzeniu Us\u0142ugobiorcy korzystaj\u0105cego z Serwisu i przeznaczone do korzystania z Serwisu, pliki cookies zazwyczaj zawieraj\u0105 nazw\u0119 strony internetowej, z kt\u00f3rej pochodz\u0105, czas przechowywania ich na urz\u0105dzeniu ko\u0144cowym oraz unikalny numer,<\/li>\n<li><strong>Polityka<\/strong> \u2013 niniejsza \u201ePolityka prywatno\u015bci<\/li>\n<li><strong>Regulamin<\/strong> \u2013 \u201eRegulamin \u015bwiadczenia us\u0142ug drog\u0105 elektroniczn\u0105 przez Greeners, o kt\u00f3rym mowa w art. 8 ustawy z dnia 18 lipca 2002 r. o \u015bwiadczeniu us\u0142ug drog\u0105 elektroniczn\u0105<\/li>\n<li><strong>RODO<\/strong> \u2013 Rozporz\u0105dzenie Parlamentu Europejskiego i Rady (UE) 2016\/679 z dnia 27 kwietnia 2016 r. w sprawie ochrony os\u00f3b fizycznych w zwi\u0105zku z przetwarzaniem danych osobowych i w sprawie swobodnego przep\u0142ywu takich danych oraz uchylenia dyrektywy 95\/46\/WE,`<\/li>\n<li><strong>Serwis<\/strong> \u2013 strona internetowa w domenie http:\/\/greeners.pl nale\u017c\u0105ca do Us\u0142ugodawcy, pod kt\u00f3r\u0105 prowadzi on Serwis, i za po\u015brednictwem kt\u00f3rej Us\u0142ugobiorca mo\u017ce korzysta\u0107 z Us\u0142ug,<\/li>\n<\/ol>\n<\/div>\n\n\n<h4 class=\"title   default-margin__small--bottom          text-color--black\">\n    II. Gromadzenie, wykorzystywanie i przetwarzanie danych osobowych<\/h4>\n\n\n<div class=\"bn-wysiwyg            text-color--black numbers \">\n    <ol>\n<li>Serwis nie zbiera danych osobowych Us\u0142ugobiorc\u00f3w poza tymi, kt\u00f3re zostan\u0105 przekazane dobrowolnie przez Us\u0142ugobiorc\u00f3w za po\u015brednictwem Serwisu.<\/li>\n<li>Us\u0142ugobiorcy odwiedzaj\u0105c strony Serwisu mog\u0105 napotka\u0107 formularze kontaktowe s\u0142u\u017c\u0105ce do pobierania danych niezb\u0119dnych do obs\u0142ugi ich zg\u0142osze\u0144. Us\u0142ugobiorcy przekazuj\u0105 Us\u0142ugodawcy wy\u0142\u0105cznie te dane, kt\u00f3re pos\u0142u\u017c\u0105 do \u015bwiadczenia \u017c\u0105danej przez Us\u0142ugobiorc\u0119 Us\u0142ugi. Dane osobowe nie b\u0119d\u0105 przez Us\u0142ugobiorc\u0119 przetwarzane d\u0142u\u017cej ni\u017c jest to konieczne w celu \u015bwiadczenia danej Us\u0142ugi b\u0105d\u017a w \u015bwietle obowi\u0105zuj\u0105cych przepis\u00f3w prawa. Us\u0142ugodawca posiada dodatkowo wdro\u017cone \u015brodki organizacyjne i techniczne maj\u0105ce na celu skuteczn\u0105 ochron\u0119 danych przed wgl\u0105dem os\u00f3b trzecich.<\/li>\n<li>Administratorem danych osobowych Us\u0142ugobiorcy jest Us\u0142ugodawca.<\/li>\n<li>Us\u0142ugodawca zbiera dane osobowe w celu:<\/li>\n<\/ol>\n<\/div>\n\n\n<div class=\"bn-wysiwyg            text-color--black letters ol--indentation\">\n    <ol>\n<li>marketingu bezpo\u015bredniego w\u0142asnych produkt\u00f3w lub us\u0142ug,<\/li>\n<li>przeprowadzenia akcji marketingowych, w tym program\u00f3w lojalno\u015bciowych, konkurs\u00f3w i akcji promocyjnych,<\/li>\n<li>prawid\u0142owego dzia\u0142ania Serwisu oraz dostarczania warto\u015bci i efekt\u00f3w, kt\u00f3re s\u0105 przewidziane zakresem funkcjonowania Serwisu takich jak przygotowanie odpowiedzi na zapytanie ofertowe,<\/li>\n<li>w innych celach \u2013 dane osobowe Us\u0142ugobiorcy mog\u0105 by\u0107 przetwarzane na podstawie dobrowolnie wyra\u017conych zg\u00f3d oraz obowi\u0105zuj\u0105cych przepis\u00f3w prawa.<\/li>\n<\/ol>\n<\/div>\n\n\n<div class=\"bn-wysiwyg            text-color--black numbers \">\n    <ol start=\"5\">\n<li>Us\u0142ugodawca b\u0119dzie przetwarza\u0142 dane osobowe w postaci imienia, nazwiska, nazwy firmy, adresu e \u2013 mail oraz numeru telefonu stacjonarnego lub numeru telefonu kom\u00f3rkowego.<\/li>\n<li>Podanie danych osobowych przez Us\u0142ugobiorc\u0119 jest dobrowolne, jednak\u017ce mo\u017ce by\u0107 niezb\u0119dne do podj\u0119cia odpowiednich dzia\u0142a\u0144 przed zawarciem umowy o \u015bwiadczenie us\u0142ug drog\u0105 elektroniczn\u0105, w tym udzielenia odpowiedzi na zapytanie ofertowe. Podanie innych danych osobowych (tj. danych, kt\u00f3re nie s\u0105 niezb\u0119dne do realizacji us\u0142ugi drog\u0105 elektroniczn\u0105) nie jest obligatoryjne i le\u017cy w sferze uznania Us\u0142ugobiorcy, kt\u00f3rego dane te dotycz\u0105, a ich przetwarzanie przez Us\u0142ugodawc\u0119 zale\u017cy od uzyskania zgody Us\u0142ugobiorcy.<\/li>\n<li>Us\u0142ugobiorca przekazuj\u0105cy Us\u0142ugodawcy swoje dane osobowe za po\u015brednictwem Serwisu ma prawo dost\u0119pu do tre\u015bci swoich danych i ich sprostowania, usuni\u0119cia, ograniczenia przetwarzania, prawo do przenoszenia danych, prawo do cofni\u0119cia zgody w dowolnym momencie bez wp\u0142ywu na zgodno\u015b\u0107 z prawem przetwarzania. Us\u0142ugobiorca w tej sprawie mo\u017ce skontaktowa\u0107 si\u0119 z Us\u0142ugodawc\u0105 w spos\u00f3b okre\u015blony w pkt. VI ppkt. 1.<\/li>\n<li>Dane osobowe Us\u0142ugobiorc\u00f3w podane w formularzu kontaktowym s\u0105 przetwarzane przez Us\u0142ugodawc\u0119 w celu i w czasie wynikaj\u0105cym z funkcji formularza oraz w celu zautomatyzowanego przetwarzania w formie profilowania. Profilowanie oznacza dowoln\u0105 form\u0119 zautomatyzowanego przetwarzania danych osobowych przez Us\u0142ugodawc\u0119, kt\u00f3re polega na wykorzystaniu danych osobowych Us\u0142ugobiorcy do oceny niekt\u00f3rych czynnik\u00f3w osobowych, w szczeg\u00f3lno\u015bci do analizy lub prognozy preferencji, zainteresowa\u0144, wiarygodno\u015bci, zachowania, lokalizacji lub przemieszczania si\u0119 Us\u0142ugobiorc\u00f3w. Us\u0142ugobiorca ma prawo wyrazi\u0107 sprzeciw na profilowanie przez Us\u0142ugodawc\u0119 przetwarzaj\u0105cego dane osobowe w celu realizacji interesu publicznego lub w\u0142asnego, uzasadnionego interesu, je\u017celi uzna, \u017ce profilowanie narusza jego prawa i wolno\u015bci, chyba \u017ce administrator danych wyka\u017ce nadrz\u0119dno\u015b\u0107 w\u0142asnego interesu wobec praw i wolno\u015bci osoby. Prawo do sprzeciwu jest wy\u0142\u0105czone, gdy profilowanie jest niezb\u0119dne do zawarcia umowy lub podj\u0119cia dzia\u0142a\u0144 przed zawarciem umowy, jest dozwolone prawem Unii Europejskiej lub prawem pa\u0144stwa cz\u0142onkowskiego, kt\u00f3remu administrator danych podlega i przewiduje wdro\u017cenie \u015brodk\u00f3w ochrony praw i wolno\u015bci, sama osoba wyrazi\u0142a zgod\u0119.<br \/>\nSprzeciw na profilowanie Us\u0142ugobiorca mo\u017ce wyrazi\u0107 w dowolnej formie za po\u015brednictwem dost\u0119pnych kana\u0142\u00f3w komunikacji z Us\u0142ugodawc\u0105 wskazanych w pkt. V ppkt.1.<\/li>\n<\/ol>\n<\/div>\n\n<\/div>\n\n<\/div>\n\n<\/div>\n\n<\/section>","protected":false},"excerpt":{"rendered":"","protected":false},"author":1,"featured_media":0,"parent":0,"menu_order":0,"comment_status":"closed","ping_status":"closed","template":"","meta":{"footnotes":""},"acf":false,"yoast_head":"<!-- This site is optimized with the Yoast SEO plugin v20.13 - https:\/\/yoast.com\/wordpress\/plugins\/seo\/ -->\n<title>Privacy Policy - Greeners<\/title>\n<meta name=\"robots\" content=\"index, follow, max-snippet:-1, max-image-preview:large, max-video-preview:-1\" \/>\n<link rel=\"canonical\" href=\"https:\/\/greeners.solutions\/en\/privacy-policy\/\" \/>\n<meta property=\"og:locale\" content=\"en_US\" \/>\n<meta property=\"og:type\" content=\"article\" \/>\n<meta property=\"og:title\" content=\"Privacy Policy - Greeners\" \/>\n<meta property=\"og:url\" content=\"https:\/\/greeners.solutions\/en\/privacy-policy\/\" \/>\n<meta property=\"og:site_name\" content=\"Greeners\" \/>\n<meta property=\"article:modified_time\" content=\"2023-04-25T12:10:29+00:00\" \/>\n<meta name=\"twitter:card\" content=\"summary_large_image\" \/>\n<script type=\"application\/ld+json\" class=\"yoast-schema-graph\">{\"@context\":\"https:\/\/schema.org\",\"@graph\":[{\"@type\":\"WebPage\",\"@id\":\"https:\/\/greeners.solutions\/en\/privacy-policy\/\",\"url\":\"https:\/\/greeners.solutions\/en\/privacy-policy\/\",\"name\":\"Privacy Policy - Greeners\",\"isPartOf\":{\"@id\":\"https:\/\/greeners.solutions\/en\/#website\"},\"datePublished\":\"2023-04-05T14:57:54+00:00\",\"dateModified\":\"2023-04-25T12:10:29+00:00\",\"breadcrumb\":{\"@id\":\"https:\/\/greeners.solutions\/en\/privacy-policy\/#breadcrumb\"},\"inLanguage\":\"en-US\",\"potentialAction\":[{\"@type\":\"ReadAction\",\"target\":[\"https:\/\/greeners.solutions\/en\/privacy-policy\/\"]}]},{\"@type\":\"BreadcrumbList\",\"@id\":\"https:\/\/greeners.solutions\/en\/privacy-policy\/#breadcrumb\",\"itemListElement\":[{\"@type\":\"ListItem\",\"position\":1,\"name\":\"Strona g\u0142\u00f3wna\",\"item\":\"https:\/\/greeners.solutions\/en\/\"},{\"@type\":\"ListItem\",\"position\":2,\"name\":\"Privacy Policy\"}]},{\"@type\":\"WebSite\",\"@id\":\"https:\/\/greeners.solutions\/en\/#website\",\"url\":\"https:\/\/greeners.solutions\/en\/\",\"name\":\"Greeners\",\"description\":\"Wspieramy klient\u00f3w w projektowaniu i wdra\u017caniu strategii energetycznych\",\"publisher\":{\"@id\":\"https:\/\/greeners.solutions\/en\/#organization\"},\"potentialAction\":[{\"@type\":\"SearchAction\",\"target\":{\"@type\":\"EntryPoint\",\"urlTemplate\":\"https:\/\/greeners.solutions\/en\/?s={search_term_string}\"},\"query-input\":\"required name=search_term_string\"}],\"inLanguage\":\"en-US\"},{\"@type\":\"Organization\",\"@id\":\"https:\/\/greeners.solutions\/en\/#organization\",\"name\":\"Greeners\",\"url\":\"https:\/\/greeners.solutions\/en\/\",\"logo\":{\"@type\":\"ImageObject\",\"inLanguage\":\"en-US\",\"@id\":\"https:\/\/greeners.solutions\/en\/#\/schema\/logo\/image\/\",\"url\":\"http:\/\/greeners.solutions\/wp-content\/uploads\/2023\/04\/cropped-greeners-favicon.png\",\"contentUrl\":\"http:\/\/greeners.solutions\/wp-content\/uploads\/2023\/04\/cropped-greeners-favicon.png\",\"width\":512,\"height\":512,\"caption\":\"Greeners\"},\"image\":{\"@id\":\"https:\/\/greeners.solutions\/en\/#\/schema\/logo\/image\/\"}}]}<\/script>\n<!-- \/ Yoast SEO plugin. -->","yoast_head_json":{"title":"Privacy Policy - Greeners","robots":{"index":"index","follow":"follow","max-snippet":"max-snippet:-1","max-image-preview":"max-image-preview:large","max-video-preview":"max-video-preview:-1"},"canonical":"https:\/\/greeners.solutions\/en\/privacy-policy\/","og_locale":"en_US","og_type":"article","og_title":"Privacy Policy - Greeners","og_url":"https:\/\/greeners.solutions\/en\/privacy-policy\/","og_site_name":"Greeners","article_modified_time":"2023-04-25T12:10:29+00:00","twitter_card":"summary_large_image","schema":{"@context":"https:\/\/schema.org","@graph":[{"@type":"WebPage","@id":"https:\/\/greeners.solutions\/en\/privacy-policy\/","url":"https:\/\/greeners.solutions\/en\/privacy-policy\/","name":"Privacy Policy - Greeners","isPartOf":{"@id":"https:\/\/greeners.solutions\/en\/#website"},"datePublished":"2023-04-05T14:57:54+00:00","dateModified":"2023-04-25T12:10:29+00:00","breadcrumb":{"@id":"https:\/\/greeners.solutions\/en\/privacy-policy\/#breadcrumb"},"inLanguage":"en-US","potentialAction":[{"@type":"ReadAction","target":["https:\/\/greeners.solutions\/en\/privacy-policy\/"]}]},{"@type":"BreadcrumbList","@id":"https:\/\/greeners.solutions\/en\/privacy-policy\/#breadcrumb","itemListElement":[{"@type":"ListItem","position":1,"name":"Strona g\u0142\u00f3wna","item":"https:\/\/greeners.solutions\/en\/"},{"@type":"ListItem","position":2,"name":"Privacy Policy"}]},{"@type":"WebSite","@id":"https:\/\/greeners.solutions\/en\/#website","url":"https:\/\/greeners.solutions\/en\/","name":"Greeners","description":"Wspieramy klient\u00f3w w projektowaniu i wdra\u017caniu strategii energetycznych","publisher":{"@id":"https:\/\/greeners.solutions\/en\/#organization"},"potentialAction":[{"@type":"SearchAction","target":{"@type":"EntryPoint","urlTemplate":"https:\/\/greeners.solutions\/en\/?s={search_term_string}"},"query-input":"required name=search_term_string"}],"inLanguage":"en-US"},{"@type":"Organization","@id":"https:\/\/greeners.solutions\/en\/#organization","name":"Greeners","url":"https:\/\/greeners.solutions\/en\/","logo":{"@type":"ImageObject","inLanguage":"en-US","@id":"https:\/\/greeners.solutions\/en\/#\/schema\/logo\/image\/","url":"http:\/\/greeners.solutions\/wp-content\/uploads\/2023\/04\/cropped-greeners-favicon.png","contentUrl":"http:\/\/greeners.solutions\/wp-content\/uploads\/2023\/04\/cropped-greeners-favicon.png","width":512,"height":512,"caption":"Greeners"},"image":{"@id":"https:\/\/greeners.solutions\/en\/#\/schema\/logo\/image\/"}}]}},"_links":{"self":[{"href":"https:\/\/greeners.solutions\/en\/wp-json\/wp\/v2\/pages\/1318"}],"collection":[{"href":"https:\/\/greeners.solutions\/en\/wp-json\/wp\/v2\/pages"}],"about":[{"href":"https:\/\/greeners.solutions\/en\/wp-json\/wp\/v2\/types\/page"}],"author":[{"embeddable":true,"href":"https:\/\/greeners.solutions\/en\/wp-json\/wp\/v2\/users\/1"}],"replies":[{"embeddable":true,"href":"https:\/\/greeners.solutions\/en\/wp-json\/wp\/v2\/comments?post=1318"}],"version-history":[{"count":0,"href":"https:\/\/greeners.solutions\/en\/wp-json\/wp\/v2\/pages\/1318\/revisions"}],"wp:attachment":[{"href":"https:\/\/greeners.solutions\/en\/wp-json\/wp\/v2\/media?parent=1318"}],"curies":[{"name":"wp","href":"https:\/\/api.w.org\/{rel}","templated":true}]}}